{"id":223,"date":"2018-12-13T10:57:38","date_gmt":"2018-12-13T10:57:38","guid":{"rendered":"http:\/\/www.sotohousekeeping.com\/servicios-de-limpieza\/"},"modified":"2026-02-13T09:17:55","modified_gmt":"2026-02-13T09:17:55","slug":"cleaning-services","status":"publish","type":"page","link":"https:\/\/www.sotohousekeeping.com\/en\/cleaning-services\/","title":{"rendered":"Cleaning services"},"content":{"rendered":"<div id='layer_slider_1' class='avia-layerslider main_color avia-shadow  container_wrap sidebar_right'    style='height: 576px;' ><\/div>\n<div class=\"flex_column av_one_full  flex_column_div av-zero-column-padding first  \" style='border-radius:0px; '><section class=\"av_textblock_section\"  itemscope=\"itemscope\" itemtype=\"https:\/\/schema.org\/CreativeWork\" ><div class='avia_textblock '   itemprop=\"text\" ><h1 style=\"text-align: center;\">Cleaning services<\/h1>\n<\/div><\/section><br \/>\n<div  class='hr hr-default '><span class='hr-inner ' ><span class='hr-inner-style'><\/span><\/span><\/div><br \/>\n<section class=\"av_textblock_section\"  itemscope=\"itemscope\" itemtype=\"https:\/\/schema.org\/CreativeWork\" ><div class='avia_textblock '   itemprop=\"text\" ><h2 style=\"text-align: justify;\"><span style=\"color: #de9400; text-transform: none; display: inline-block;\">Affordable and fast hourly cleaning<\/span><\/h2>\n<p style=\"text-align: justify;\"><span style=\"font-size: 14pt;\">If you need <strong><span style=\"color: #333333;\">hourly cleaning services<\/span><\/strong> at Sotohousekeeping we have what you were looking for. The home cleaning services you can get with Sotohousekeeping guarantee you with complete confidence and quality of cleaning to keep your home in perfect condition. <strong><span style=\"color: #333333;\">You can hire the specific hours you need,<\/span><\/strong> so that your home is perfect. You just have to tell us the tasks to be done in your home and choose the hourly cleaning you want.<\/span><\/p>\n<h2 style=\"text-align: justify;\"><span style=\"color: #de9400; text-transform: none; display: inline-block;\">Don&#8217;t have time to do the cleaning tasks in your home?<\/span><\/h2>\n<p style=\"text-align: justify;\"><span style=\"font-size: 14pt;\">Don&#8217;t worry, at Sotohousekeeping we have the solution. Just tell us what you need and we&#8217;ll do it for you in a fast, simple and reliable way.<strong><span style=\"color: #333333;\"> You can book the hours you need to clean your home.<\/span><\/strong> With just one call you can tell us the services you need and select the parts of the house you want to be cleaned. The hourly cleaning configuration will allow you to know in a very useful way the approximate price of the services to be performed, saving time and money.<\/span><\/p>\n<p style=\"text-align: justify;\"><span style=\"font-size: 14pt;\">The team of professionals that are part of Sotohousekeeping are trained and have extensive experience in performing<strong><span style=\"color: #333333;\"> all types of household tasks<\/span><\/strong>, performing tasks such as sweeping and mopping floors, leaving the windows of the house in perfect condition, cleaning furniture both inside and out, and even ironing. Depending on the hourly cleaning services selected by the client and the desired tasks, the professional will perform all of them with responsibility and commitment. Once the client books their tasks for the date and time they want, payment for the services is made through our security certificate. All payments made through our platform are characterized by total security so there is no problem with you using your credit card to benefit from our services.<\/span><\/p>\n<h2><span style=\"color: #de8d14; text-transform: none; display: inline-block;\">Vacation rental cleaning<\/span><\/h2>\n<p style=\"text-align: justify;\"><span style=\"font-size: 14pt;\">If you manage a property listed on <strong>Airbnb, Booking.com or other vacation rental platforms<\/strong>, we offer professional cleaning between stays so your property is spotless and ready for each guest. We work efficiently between check-ins and check-outs, guaranteeing high standards of quality and punctuality.<\/span><\/p>\n<h2><span style=\"color: #de8d14; text-transform: none; display: inline-block;\">Furniture and upholstery cleaning<\/span><\/h2>\n<p style=\"text-align: justify;\"><span style=\"font-size: 14pt;\">Our team performs professional cleaning of <strong>sofas, armchairs, mattresses and upholstered furniture<\/strong>. We remove dirt, stains and odors using appropriate techniques that protect fabrics and extend the life of furniture.<\/span><\/p>\n<h2><span style=\"color: #de8d14; text-transform: none; display: inline-block;\">Professional pressure washing<\/span><\/h2>\n<p style=\"text-align: justify;\"><span style=\"font-size: 14pt;\">We offer pressure washing service with specialized machinery for <strong>terraces, patios, driveways and outdoor surfaces<\/strong>. Ideal for restoring the original appearance of outdoor areas and maintaining a well-kept image.<\/span><\/p>\n<h2><span style=\"color: #de8d14; text-transform: none; display: inline-block;\">Window cleaning for offices and businesses<\/span><\/h2>\n<p style=\"text-align: justify;\"><span style=\"font-size: 14pt;\">Professional interior and exterior window cleaning service for <strong>offices, shops and commercial spaces<\/strong>. We guarantee impeccable results that improve your business image.<\/span><\/p>\n<h2><span style=\"color: #de8d14; text-transform: none; display: inline-block;\">Looking for something more exclusive?<\/span><\/h2>\n<h4 style=\"text-align: justify;\"><span style=\"font-size: 14pt;\"><strong>Discover our VIP Service<\/strong><\/span><\/h4>\n<p style=\"text-align: justify;\"><span style=\"font-size: 14pt;\">For clients who need their villa or vacation home spotless at the exact moment \u2014 without delays \u2014 our <strong>VIP Service<\/strong> offers priority in scheduling, even during high seasons. You will enjoy a discreet, professional and high-level cleaning service, with personalized attention and premium products.<\/span><\/p>\n<p style=\"text-align: justify;\"><span style=\"font-size: 14pt;\">Ideal for luxury homes and high-end rentals, this service is designed for those who expect more than just cleaning \u2014 they expect peace of mind.<\/span><\/p>\n<p style=\"text-align: justify;\"><span style=\"color: #c08a26;\"> <a style=\"color: #c08a26;\" href=\"https:\/\/www.sotohousekeeping.com\/request-budget-domestic-home-service\/\"><br \/>\n<span style=\"font-size: 14pt;\"> <strong>Request your VIP Service here<\/strong><\/span><br \/>\n<\/a><br \/>\n<\/span><\/p>\n<\/div><\/section><\/p><\/div><div class=\"flex_column av_one_fourth  flex_column_div av-zero-column-padding first  \" style='border-radius:0px; '><section class=\"av_textblock_section\"  itemscope=\"itemscope\" itemtype=\"https:\/\/schema.org\/CreativeWork\" ><div class='avia_textblock '   itemprop=\"text\" ><h3 style=\"text-align: center;\"><strong>Domestic cleaning<\/strong><\/h3>\n<\/div><\/section><br \/>\n<div class='avia-image-container  av-styling-   avia-align-center '  itemscope=\"itemscope\" itemtype=\"https:\/\/schema.org\/ImageObject\"  ><div class='avia-image-container-inner'><img class='avia_image ' src='https:\/\/www.sotohousekeeping.com\/wp-content\/uploads\/2018\/12\/Limpieza-Domestica.jpg' alt='' title='Limpieza-Domestica'   itemprop=\"thumbnailUrl\"  \/><\/div><\/div><\/p><\/div><\/p>\n<div class=\"flex_column av_one_fourth  flex_column_div av-zero-column-padding   \" style='border-radius:0px; '><section class=\"av_textblock_section\"  itemscope=\"itemscope\" itemtype=\"https:\/\/schema.org\/CreativeWork\" ><div class='avia_textblock '   itemprop=\"text\" ><h3 style=\"text-align: center;\"><strong>Office cleaning<\/strong><\/h3>\n<\/div><\/section><br \/>\n<div class='avia-image-container  av-styling-   avia-align-center '  itemscope=\"itemscope\" itemtype=\"https:\/\/schema.org\/ImageObject\"  ><div class='avia-image-container-inner'><img class='avia_image ' src='https:\/\/www.sotohousekeeping.com\/wp-content\/uploads\/2018\/12\/oficinas.jpg' alt='' title='oficinas'   itemprop=\"thumbnailUrl\"  \/><\/div><\/div><\/p><\/div>\n<div class=\"flex_column av_one_fourth  flex_column_div av-zero-column-padding   \" style='border-radius:0px; '><section class=\"av_textblock_section\"  itemscope=\"itemscope\" itemtype=\"https:\/\/schema.org\/CreativeWork\" ><div class='avia_textblock '   itemprop=\"text\" ><h3 style=\"text-align: center;\"><strong>Cleaning day care<\/strong><\/h3>\n<\/div><\/section><br \/>\n<div class='avia-image-container  av-styling-   avia-align-center '  itemscope=\"itemscope\" itemtype=\"https:\/\/schema.org\/ImageObject\"  ><div class='avia-image-container-inner'><img class='avia_image ' src='https:\/\/www.sotohousekeeping.com\/wp-content\/uploads\/2018\/12\/guarderias.jpg' alt='' title='guarderias'   itemprop=\"thumbnailUrl\"  \/><\/div><\/div><\/p><\/div>\n<div class=\"flex_column av_one_fourth  flex_column_div av-zero-column-padding   \" style='border-radius:0px; '><section class=\"av_textblock_section\"  itemscope=\"itemscope\" itemtype=\"https:\/\/schema.org\/CreativeWork\" ><div class='avia_textblock '   itemprop=\"text\" ><h3 style=\"text-align: center;\"><strong>Cleaning of Communities<\/strong><\/h3>\n<\/div><\/section><br \/>\n<div class='avia-image-container  av-styling-   avia-align-center '  itemscope=\"itemscope\" itemtype=\"https:\/\/schema.org\/ImageObject\"  ><div class='avia-image-container-inner'><img class='avia_image ' src='https:\/\/www.sotohousekeeping.com\/wp-content\/uploads\/2018\/12\/Comunidades-de-vecinos.jpg' alt='' title='Comunidades-de-vecinos'   itemprop=\"thumbnailUrl\"  \/><\/div><\/div><\/p><\/div>\n<div  class='hr hr-big '><span class='hr-inner ' ><span class='hr-inner-style'><\/span><\/span><\/div>\n<div class=\"flex_column av_one_full  flex_column_div av-zero-column-padding first  \" style='border-radius:0px; '><section class=\"av_textblock_section\"  itemscope=\"itemscope\" itemtype=\"https:\/\/schema.org\/CreativeWork\" ><div class='avia_textblock '   itemprop=\"text\" ><h2 class=\"p1\" style=\"text-align: center;\"><span style=\"color: #db8b12;\">HOW TO HIRE OUR DOMESTIC QUALITY HOME SERVICE<\/span><\/h2>\n<\/div><\/section><\/div>\n<div class=\"flex_column av_one_third  flex_column_div av-zero-column-padding first  \" style='border-radius:0px; '><p><div class='avia-image-container  av-styling-   avia-align-center '  itemscope=\"itemscope\" itemtype=\"https:\/\/schema.org\/ImageObject\"  ><div class='avia-image-container-inner'><img class='avia_image ' src='https:\/\/www.sotohousekeeping.com\/wp-content\/uploads\/2018\/12\/1-Rellenar-formulario.jpg' alt='' title='1-Rellenar-formulario'   itemprop=\"thumbnailUrl\"  \/><\/div><\/div><br \/>\n<section class=\"av_textblock_section\"  itemscope=\"itemscope\" itemtype=\"https:\/\/schema.org\/CreativeWork\" ><div class='avia_textblock '   itemprop=\"text\" ><p style=\"text-align: center;\">Fill out the form in the section &#8220;request a quote&#8221;<\/p>\n<\/div><\/section><\/p><\/div>\n<div class=\"flex_column av_one_third  flex_column_div av-zero-column-padding   \" style='border-radius:0px; '><p><div class='avia-image-container  av-styling-   avia-align-center '  itemscope=\"itemscope\" itemtype=\"https:\/\/schema.org\/ImageObject\"  ><div class='avia-image-container-inner'><img class='avia_image ' src='https:\/\/www.sotohousekeeping.com\/wp-content\/uploads\/2018\/12\/2-concertar-cita.jpg' alt='' title='2-concertar-cita'   itemprop=\"thumbnailUrl\"  \/><\/div><\/div><br \/>\n<section class=\"av_textblock_section\"  itemscope=\"itemscope\" itemtype=\"https:\/\/schema.org\/CreativeWork\" ><div class='avia_textblock '   itemprop=\"text\" ><p style=\"text-align: center;\">We will make an appointment, we will go to see him to agree on all the details.<\/p>\n<\/div><\/section><\/p><\/div>\n<div class=\"flex_column av_one_third  flex_column_div av-zero-column-padding   \" style='border-radius:0px; '><p><div class='avia-image-container  av-styling-   avia-align-center '  itemscope=\"itemscope\" itemtype=\"https:\/\/schema.org\/ImageObject\"  ><div class='avia-image-container-inner'><img class='avia_image ' src='https:\/\/www.sotohousekeeping.com\/wp-content\/uploads\/2018\/12\/3-Cleaning.jpg' alt='' title='3-Cleaning'   itemprop=\"thumbnailUrl\"  \/><\/div><\/div><br \/>\n<section class=\"av_textblock_section\"  itemscope=\"itemscope\" itemtype=\"https:\/\/schema.org\/CreativeWork\" ><div class='avia_textblock '   itemprop=\"text\" ><p style=\"text-align: center;\">!! Congratulations!! our professionals will already be cleaning your house<\/p>\n<\/div><\/section><\/p><\/div>\n<div class=\"flex_column av_one_full  flex_column_div av-zero-column-padding first  \" style='border-radius:0px; '><div class='avia-button-wrap avia-button-center '><a href='https:\/\/www.sotohousekeeping.com\/en\/book-here-your-cleaning-services\/' class='avia-button  avia-icon_select-no avia-color-orange avia-size-x-large avia-position-center '   ><span class='avia_iconbox_title' >Request quotation<\/span><\/a><\/div><\/div>\n","protected":false},"excerpt":{"rendered":"","protected":false},"author":2,"featured_media":0,"parent":0,"menu_order":0,"comment_status":"closed","ping_status":"closed","template":"","meta":{"_joinchat":[],"footnotes":""},"class_list":["post-223","page","type-page","status-publish","hentry"],"yoast_head":"<!-- This site is optimized with the Yoast SEO plugin v25.2 - https:\/\/yoast.com\/wordpress\/plugins\/seo\/ -->\n<title>Servicios de limpieza por horas de forma econ\u00f3mica y r\u00e1pida<\/title>\n<meta name=\"description\" content=\"Servicio de limpieza a domicilio por horas, econ\u00f3mico y r\u00e1pido. Si necesitas servicios de limpieza por horas en Sotohousekeeping tenemos lo que buscas\" \/>\n<meta name=\"robots\" content=\"index, follow, max-snippet:-1, max-image-preview:large, max-video-preview:-1\" \/>\n<link rel=\"canonical\" href=\"https:\/\/www.sotohousekeeping.com\/en\/cleaning-services\/\" \/>\n<meta property=\"og:locale\" content=\"en_US\" \/>\n<meta property=\"og:type\" content=\"article\" \/>\n<meta property=\"og:title\" content=\"Servicios de limpieza por horas de forma econ\u00f3mica y r\u00e1pida\" \/>\n<meta property=\"og:description\" content=\"Servicio de limpieza a domicilio por horas, econ\u00f3mico y r\u00e1pido. Si necesitas servicios de limpieza por horas en Sotohousekeeping tenemos lo que buscas\" \/>\n<meta property=\"og:url\" content=\"https:\/\/www.sotohousekeeping.com\/en\/cleaning-services\/\" \/>\n<meta property=\"og:site_name\" content=\"SotoHouseKeeping\" \/>\n<meta property=\"article:modified_time\" content=\"2026-02-13T09:17:55+00:00\" \/>\n<meta name=\"twitter:card\" content=\"summary_large_image\" \/>\n<meta name=\"twitter:label1\" content=\"Est. reading time\" \/>\n\t<meta name=\"twitter:data1\" content=\"9 minutes\" \/>\n<script type=\"application\/ld+json\" class=\"yoast-schema-graph\">{\"@context\":\"https:\/\/schema.org\",\"@graph\":[{\"@type\":\"WebPage\",\"@id\":\"https:\/\/www.sotohousekeeping.com\/en\/cleaning-services\/\",\"url\":\"https:\/\/www.sotohousekeeping.com\/en\/cleaning-services\/\",\"name\":\"Servicios de limpieza por horas de forma econ\u00f3mica y r\u00e1pida\",\"isPartOf\":{\"@id\":\"https:\/\/www.sotohousekeeping.com\/#website\"},\"datePublished\":\"2018-12-13T10:57:38+00:00\",\"dateModified\":\"2026-02-13T09:17:55+00:00\",\"description\":\"Servicio de limpieza a domicilio por horas, econ\u00f3mico y r\u00e1pido. Si necesitas servicios de limpieza por horas en Sotohousekeeping tenemos lo que buscas\",\"breadcrumb\":{\"@id\":\"https:\/\/www.sotohousekeeping.com\/en\/cleaning-services\/#breadcrumb\"},\"inLanguage\":\"en-US\",\"potentialAction\":[{\"@type\":\"ReadAction\",\"target\":[\"https:\/\/www.sotohousekeeping.com\/en\/cleaning-services\/\"]}]},{\"@type\":\"BreadcrumbList\",\"@id\":\"https:\/\/www.sotohousekeeping.com\/en\/cleaning-services\/#breadcrumb\",\"itemListElement\":[{\"@type\":\"ListItem\",\"position\":1,\"name\":\"Portada\",\"item\":\"https:\/\/www.sotohousekeeping.com\/en\/inicio\/\"},{\"@type\":\"ListItem\",\"position\":2,\"name\":\"Cleaning services\"}]},{\"@type\":\"WebSite\",\"@id\":\"https:\/\/www.sotohousekeeping.com\/#website\",\"url\":\"https:\/\/www.sotohousekeeping.com\/\",\"name\":\"Soto Housekeeping\",\"description\":\"Limpieza por horas al mejor precio para tu hogar\",\"potentialAction\":[{\"@type\":\"SearchAction\",\"target\":{\"@type\":\"EntryPoint\",\"urlTemplate\":\"https:\/\/www.sotohousekeeping.com\/?s={search_term_string}\"},\"query-input\":{\"@type\":\"PropertyValueSpecification\",\"valueRequired\":true,\"valueName\":\"search_term_string\"}}],\"inLanguage\":\"en-US\"}]}<\/script>\n<!-- \/ Yoast SEO plugin. -->","yoast_head_json":{"title":"Servicios de limpieza por horas de forma econ\u00f3mica y r\u00e1pida","description":"Servicio de limpieza a domicilio por horas, econ\u00f3mico y r\u00e1pido. Si necesitas servicios de limpieza por horas en Sotohousekeeping tenemos lo que buscas","robots":{"index":"index","follow":"follow","max-snippet":"max-snippet:-1","max-image-preview":"max-image-preview:large","max-video-preview":"max-video-preview:-1"},"canonical":"https:\/\/www.sotohousekeeping.com\/en\/cleaning-services\/","og_locale":"en_US","og_type":"article","og_title":"Servicios de limpieza por horas de forma econ\u00f3mica y r\u00e1pida","og_description":"Servicio de limpieza a domicilio por horas, econ\u00f3mico y r\u00e1pido. Si necesitas servicios de limpieza por horas en Sotohousekeeping tenemos lo que buscas","og_url":"https:\/\/www.sotohousekeeping.com\/en\/cleaning-services\/","og_site_name":"SotoHouseKeeping","article_modified_time":"2026-02-13T09:17:55+00:00","twitter_card":"summary_large_image","twitter_misc":{"Est. reading time":"9 minutes"},"schema":{"@context":"https:\/\/schema.org","@graph":[{"@type":"WebPage","@id":"https:\/\/www.sotohousekeeping.com\/en\/cleaning-services\/","url":"https:\/\/www.sotohousekeeping.com\/en\/cleaning-services\/","name":"Servicios de limpieza por horas de forma econ\u00f3mica y r\u00e1pida","isPartOf":{"@id":"https:\/\/www.sotohousekeeping.com\/#website"},"datePublished":"2018-12-13T10:57:38+00:00","dateModified":"2026-02-13T09:17:55+00:00","description":"Servicio de limpieza a domicilio por horas, econ\u00f3mico y r\u00e1pido. Si necesitas servicios de limpieza por horas en Sotohousekeeping tenemos lo que buscas","breadcrumb":{"@id":"https:\/\/www.sotohousekeeping.com\/en\/cleaning-services\/#breadcrumb"},"inLanguage":"en-US","potentialAction":[{"@type":"ReadAction","target":["https:\/\/www.sotohousekeeping.com\/en\/cleaning-services\/"]}]},{"@type":"BreadcrumbList","@id":"https:\/\/www.sotohousekeeping.com\/en\/cleaning-services\/#breadcrumb","itemListElement":[{"@type":"ListItem","position":1,"name":"Portada","item":"https:\/\/www.sotohousekeeping.com\/en\/inicio\/"},{"@type":"ListItem","position":2,"name":"Cleaning services"}]},{"@type":"WebSite","@id":"https:\/\/www.sotohousekeeping.com\/#website","url":"https:\/\/www.sotohousekeeping.com\/","name":"Soto Housekeeping","description":"Limpieza por horas al mejor precio para tu hogar","potentialAction":[{"@type":"SearchAction","target":{"@type":"EntryPoint","urlTemplate":"https:\/\/www.sotohousekeeping.com\/?s={search_term_string}"},"query-input":{"@type":"PropertyValueSpecification","valueRequired":true,"valueName":"search_term_string"}}],"inLanguage":"en-US"}]}},"_links":{"self":[{"href":"https:\/\/www.sotohousekeeping.com\/en\/wp-json\/wp\/v2\/pages\/223","targetHints":{"allow":["GET"]}}],"collection":[{"href":"https:\/\/www.sotohousekeeping.com\/en\/wp-json\/wp\/v2\/pages"}],"about":[{"href":"https:\/\/www.sotohousekeeping.com\/en\/wp-json\/wp\/v2\/types\/page"}],"author":[{"embeddable":true,"href":"https:\/\/www.sotohousekeeping.com\/en\/wp-json\/wp\/v2\/users\/2"}],"replies":[{"embeddable":true,"href":"https:\/\/www.sotohousekeeping.com\/en\/wp-json\/wp\/v2\/comments?post=223"}],"version-history":[{"count":22,"href":"https:\/\/www.sotohousekeeping.com\/en\/wp-json\/wp\/v2\/pages\/223\/revisions"}],"predecessor-version":[{"id":1097,"href":"https:\/\/www.sotohousekeeping.com\/en\/wp-json\/wp\/v2\/pages\/223\/revisions\/1097"}],"wp:attachment":[{"href":"https:\/\/www.sotohousekeeping.com\/en\/wp-json\/wp\/v2\/media?parent=223"}],"curies":[{"name":"wp","href":"https:\/\/api.w.org\/{rel}","templated":true}]}}